{"id":236,"date":"2013-08-11T20:13:42","date_gmt":"2013-08-11T20:13:42","guid":{"rendered":"http:\/\/localhost:8888\/test\/?page_id=545"},"modified":"2026-02-04T19:32:53","modified_gmt":"2026-02-04T19:32:53","slug":"haufig-gestellte-fragen","status":"publish","type":"page","link":"https:\/\/mxcheer.com\/de\/uber\/haufig-gestellte-fragen\/","title":{"rendered":"FAQ"},"content":{"rendered":"<div data-page-id=\"Ja9MfOwhvdwWhecfp5DcTEWKnud\" data-lark-html-role=\"root\" data-docx-has-block-data=\"false\">\n<h1 class=\"heading-1 ace-line old-record-id-MfB5fB67edZGAqcyAj7cT9jwnpg\">FAQ<\/h1>\n<h2 class=\"heading-2 ace-line old-record-id-VMQRfextSdQH9acmMRBcWrERnzh\">1. Kontobezogene Fragen<\/h2>\n<div class=\"ace-line ace-line old-record-id-QPGKfZwkxduHgVcCFbdcPs3Lnab\"><strong>Wie alt muss ich sein, um ein Konto zu erstellen?<\/strong><\/div>\n<div class=\"ace-line ace-line old-record-id-GpvWf2Y6CdAe41cVKcacEMtFnoh\">Sie m\u00fcssen mindestens 13 Jahre alt sein, um ein Konto auf unserer Plattform zu erstellen, gem\u00e4\u00df unseren Nutzungsbedingungen.<\/div>\n<div class=\"ace-line ace-line old-record-id-UjUdfOAEMd2tc1cR2AvcgSq7nHf\"><strong>Was soll ich tun, wenn ich mein Passwort f\u00fcr mein Konto vergessen habe?<\/strong><\/div>\n<div class=\"ace-line ace-line old-record-id-Dn6mfSR7ad0rG4cLxSucnDPlnnb\">A: Sie k\u00f6nnen auf den Link \u201cPasswort vergessen\u201d auf der Anmeldeseite klicken, Ihre registrierte E-Mail-Adresse eingeben, und wir senden Ihnen einen Link zum Zur\u00fccksetzen des Passworts. Wenn Sie den Link nicht erhalten, kontaktieren Sie uns bitte unter support@mxcheer.com.<\/div>\n<div class=\"ace-line ace-line old-record-id-JnygfDdEldwf5dcxzZdcqEK3nbd\"><strong>A: Kann ich meinen Benutzernamen oder meine registrierte E-Mail-Adresse \u00e4ndern?<\/strong><\/div>\n<div class=\"ace-line ace-line old-record-id-XvsifE1N3dYiWZcw8AXcwLdWnDe\">A: Sie k\u00f6nnen Ihren Benutzernamen in Ihren Kontoeinstellungen \u00e4ndern. Um Ihre registrierte E-Mail-Adresse zu \u00e4ndern, wenden Sie sich bitte mit Ihren Kontoinformationen zur Verifizierung an unseren Kundensupport unter support@mxcheer.com.<\/div>\n<div>\u00a0<\/div>\n<h2 class=\"heading-2 ace-line old-record-id-O7BofW8tNdD2D8cI7wbcNhF6nIS\">2. Fragen zu virtuellen Geschenken<\/h2>\n<div class=\"ace-line ace-line old-record-id-FYP8fxOvcdDYJHcy5ZrcrtHanug\"><strong>Kann ich eine R\u00fcckerstattung f\u00fcr virtuelle Geschenke erhalten, die ich gekauft habe?<\/strong><\/div>\n<div class=\"ace-line ace-line old-record-id-Ech5fS2YKdgEjAcOH9tc6beonFd\">Alle K\u00e4ufe von virtuellen Geschenken sind endg\u00fcltig und nicht erstattungsf\u00e4hig, au\u00dfer in F\u00e4llen von nachgewiesenem Betrug, technischem Fehler oder wenn das Konto des Content Creators vor Erhalt des Geschenks dauerhaft gesperrt wird.<\/div>\n<div class=\"ace-line ace-line old-record-id-IDuTf0giCdlFiucSYpdcYHjCnpd\"><strong>Wird der Content Creator meine pers\u00f6nlichen Daten sehen, wenn ich ein virtuelles Geschenk sende?<\/strong><\/div>\n<div class=\"ace-line ace-line old-record-id-AkHEfVbYfdW8GjcDEOXctNF2nKd\">A: Nein. Der Content Creator sieht nur deinen Benutzernamen, um deine Unterst\u00fctzung anzuerkennen. Deine pers\u00f6nlichen Kontaktdaten (wie deine E-Mail-Adresse) werden nicht mit ihm geteilt.<\/div>\n<div class=\"ace-line ace-line old-record-id-Hlrvfx01EdELPgcNR1lcMUOrnhe\"><strong>F: Kann ich eine Bestellung f\u00fcr ein virtuelles Geschenk nach der Einreichung stornieren?<\/strong><\/div>\n<div class=\"ace-line ace-line old-record-id-EGsgfRm2AdElPwcgCD6cjAZqnHg\">A: Nein. Virtuelle Geschenkbestellungen werden sofort nach der \u00dcbermittlung bearbeitet und k\u00f6nnen nicht storniert werden.<\/div>\n<div>\u00a0<\/div>\n<h2 class=\"heading-2 ace-line old-record-id-XarcfFAMpd1JLWczXM8cqOqknfb\">3. Fragen zu physischen Produkten<\/h2>\n<div class=\"ace-line ace-line old-record-id-UcCGfkX98dMrwscBYfCc0lXenqd\"><strong>Wie lange dauert die Lieferung physischer Waren?<\/strong><\/div>\n<div class=\"ace-line ace-line old-record-id-H4x6f89ASdc68ec43j1cmm7enJh\">A: Die Lieferzeit variiert je nach Region. Wir bearbeiten Ihre Bestellung innerhalb von 1\u20133 Werktagen nach dem Kauf, und Sie erhalten eine Versandbenachrichtigung mit Tracking-Informationen, sobald die Bestellung versendet wurde.<\/div>\n<div class=\"ace-line ace-line old-record-id-Gx98fVI6ndvJFKcy4yycanpOnph\"><strong>Kann ich physische Artikel zur\u00fcckgeben oder umtauschen?<\/strong><\/div>\n<div class=\"ace-line ace-line old-record-id-KLwZfHeJldAJNEcWJmjcOjKJnTf\">Sie k\u00f6nnen eine R\u00fcckerstattung oder einen Umtausch f\u00fcr physische Produkte innerhalb von 14 Tagen nach Lieferung beantragen, vorausgesetzt, der Artikel ist unbenutzt, in seiner Originalverpackung und im gleichen Zustand wie erhalten. Bitte kontaktieren Sie uns unter support@mxcheer.com, bevor Sie den Artikel zur\u00fccksenden.<\/div>\n<div class=\"ace-line ace-line old-record-id-KNbPfew6ldzbjGcRzQGc4lBWnCc\"><strong>Wer ist f\u00fcr die R\u00fccksendekosten physischer Waren verantwortlich?<\/strong><\/div>\n<div class=\"ace-line ace-line old-record-id-DChof461BdYk6RcYTMTcyNvxnEd\">A: Der Kunde tr\u00e4gt die Kosten f\u00fcr den R\u00fcckversand. Nur wenn die R\u00fccksendung auf einen besch\u00e4digten, defekten oder falschen Artikel zur\u00fcckzuf\u00fchren ist, \u00fcbernehmen wir die Kosten f\u00fcr den R\u00fcckversand.<\/div>\n<div>\u00a0<\/div>\n<h2 class=\"heading-2 ace-line old-record-id-AXEtfD1lxdNXaHcJEW5cDBTened\">4. Zahlungs- und R\u00fcckerstattungsbezogene Fragen<\/h2>\n<div class=\"ace-line ace-line old-record-id-IxWZfgCIOdPYRgcI4dmcChVGnze\"><strong>Welche Zahlungsmethoden akzeptieren Sie?<\/strong><\/div>\n<div class=\"ace-line ace-line old-record-id-LU17fpUqvdrBaec3dUecp9QSnCc\">Wir akzeptieren g\u00e4ngige Kreditkarten, PayPal und andere Drittanbieter-Zahlungsmethoden, die von unseren Zahlungsdienstleistern unterst\u00fctzt werden. Wir speichern keine vollst\u00e4ndigen Zahlungskartendetails auf unseren Servern.<\/div>\n<div class=\"ace-line ace-line old-record-id-W2PNf8hK7doUrTc9N02cSJ9Nnlc\"><strong>A: Wie lange dauert die Bearbeitung einer R\u00fcckerstattung?<\/strong><\/div>\n<div class=\"ace-line ace-line old-record-id-Tf1kfRSNudNHkJcDNkrcbDxInWe\">Sobald wir den zur\u00fcckgesendeten physischen Artikel erhalten und gepr\u00fcft haben, werden wir Ihre R\u00fcckerstattung innerhalb von 3\u20135 Werktagen auf Ihre urspr\u00fcngliche Zahlungsmethode bearbeiten.<\/div>\n<div class=\"ace-line ace-line old-record-id-XVUHfuMgedR5urcjnXgc9UyKn6e\"><strong>Was soll ich tun, wenn eine Zahlung fehlschl\u00e4gt?<\/strong><\/div>\n<div class=\"ace-line ace-line old-record-id-BXh9fNTnrdJ3RYcUQ2mcSXI9nRb\">A: Bitte \u00fcberpr\u00fcfen Sie, ob Ihre Zahlungsinformationen korrekt sind (z. B. Ablaufdatum der Karte, CVV-Code) oder ob Ihre Zahlungsmethode \u00fcber ausreichende Deckung verf\u00fcgt. Sollte das Problem weiterhin bestehen, kontaktieren Sie uns unter support@mxcheer.com.<\/div>\n<div>\u00a0<\/div>\n<h2 class=\"heading-2 ace-line old-record-id-SC3mfkA4pdPWRJcyjpTc6NrNnah\">5. Datenschutzbezogene Fragen<\/h2>\n<div class=\"ace-line ace-line old-record-id-P72efS22hdzz1IcjwencTksnn0b\"><strong>Wie sch\u00fctzen Sie meine pers\u00f6nlichen Daten?<\/strong><\/div>\n<div class=\"ace-line ace-line old-record-id-DGZlfOQezdfm3McqP13c1syRnHh\">A: Wir implementieren branchen\u00fcbliche Sicherheitsma\u00dfnahmen, um Ihre pers\u00f6nlichen Daten vor unbefugtem Zugriff, Nutzung oder Offenlegung zu sch\u00fctzen. Weitere Details finden Sie in unserer Datenschutzerkl\u00e4rung.<\/div>\n<div class=\"ace-line ace-line old-record-id-M1G1fQ5CId7fqIc3j6ZcAiHJnpe\"><strong>F: Kann ich die L\u00f6schung meiner pers\u00f6nlichen Daten beantragen?<\/strong><\/div>\n<div class=\"ace-line ace-line old-record-id-Zrn8f1BVHdKKydcWjRXceBZInnf\">Ja. Sie haben das Recht, gem\u00e4\u00df den einschl\u00e4gigen Gesetzen (wie der DSGVO und dem CCPA) die L\u00f6schung Ihrer personenbezogenen Daten zu verlangen. Bitte kontaktieren Sie uns unter support@mxcheer.com, um dieses Recht auszu\u00fcben.<\/div>\n<div>\u00a0<\/div>\n<h2 class=\"heading-2 ace-line old-record-id-C55pfgQ3vdSXVfcDzPTcsSE4n5Z\">6. Sonstige Fragen<\/h2>\n<div class=\"ace-line ace-line old-record-id-Ncizf41vmdLfCMcA5SdcCxN7nbb\"><strong>F: Wie kann ich den Kundensupport kontaktieren?<\/strong><\/div>\n<div class=\"ace-line ace-line old-record-id-LjcYfpEgJdhL8UcM1zKc3bBGnoh\">Sie k\u00f6nnen uns bei Fragen oder Anliegen per E-Mail unter support@mxcheer.com kontaktieren. Wir werden uns innerhalb von 1\u20132 Werktagen um Ihre Anfrage k\u00fcmmern.<\/div>\n<div class=\"ace-line ace-line old-record-id-QyjVfOUwbd6tmRcg7JFc2VmynJc\"><strong>F: Werden Sie mich \u00fcber \u00c4nderungen Ihrer Richtlinien (Datenschutzrichtlinie, R\u00fcckerstattungsrichtlinie usw.) informieren?<\/strong><\/div>\n<div class=\"ace-line ace-line old-record-id-U80Dfiv1DdoXg1cXm8gcTncBnzh\">A: Ja. Wir werden wesentliche \u00c4nderungen unserer Richtlinien auf unserer Website ver\u00f6ffentlichen und das Datum der \u201cLetzten Aktualisierung\u201d aktualisieren. Ihre fortgesetzte Nutzung unserer Dienste nach dem Inkrafttreten gilt als Annahme der \u00fcberarbeiteten Richtlinien.<\/div>\n<\/div>","protected":false},"excerpt":{"rendered":"","protected":false},"author":1,"featured_media":0,"parent":240,"menu_order":0,"comment_status":"closed","ping_status":"closed","template":"","meta":{"_acf_changed":false,"footnotes":""},"class_list":["post-236","page","type-page","status-publish","hentry"],"acf":[],"_links":{"self":[{"href":"https:\/\/mxcheer.com\/de\/wp-json\/wp\/v2\/pages\/236","targetHints":{"allow":["GET"]}}],"collection":[{"href":"https:\/\/mxcheer.com\/de\/wp-json\/wp\/v2\/pages"}],"about":[{"href":"https:\/\/mxcheer.com\/de\/wp-json\/wp\/v2\/types\/page"}],"author":[{"embeddable":true,"href":"https:\/\/mxcheer.com\/de\/wp-json\/wp\/v2\/users\/1"}],"replies":[{"embeddable":true,"href":"https:\/\/mxcheer.com\/de\/wp-json\/wp\/v2\/comments?post=236"}],"version-history":[{"count":4,"href":"https:\/\/mxcheer.com\/de\/wp-json\/wp\/v2\/pages\/236\/revisions"}],"predecessor-version":[{"id":1320,"href":"https:\/\/mxcheer.com\/de\/wp-json\/wp\/v2\/pages\/236\/revisions\/1320"}],"up":[{"embeddable":true,"href":"https:\/\/mxcheer.com\/de\/wp-json\/wp\/v2\/pages\/240"}],"wp:attachment":[{"href":"https:\/\/mxcheer.com\/de\/wp-json\/wp\/v2\/media?parent=236"}],"curies":[{"name":"wp","href":"https:\/\/api.w.org\/{rel}","templated":true}]}}