{"id":236,"date":"2013-08-11T20:13:42","date_gmt":"2013-08-11T20:13:42","guid":{"rendered":"http:\/\/localhost:8888\/test\/?page_id=545"},"modified":"2026-02-04T19:32:53","modified_gmt":"2026-02-04T19:32:53","slug":"faq","status":"publish","type":"page","link":"https:\/\/mxcheer.com\/es_es\/acerca-de\/faq\/","title":{"rendered":"PREGUNTAS FRECUENTES"},"content":{"rendered":"<div data-page-id=\"Ja9MfOwhvdwWhecfp5DcTEWKnud\" data-lark-html-role=\"root\" data-docx-has-block-data=\"false\">\n<h1 class=\"heading-1 ace-line old-record-id-MfB5fB67edZGAqcyAj7cT9jwnpg\">PREGUNTAS FRECUENTES<\/h1>\n<h2 class=\"heading-2 ace-line old-record-id-VMQRfextSdQH9acmMRBcWrERnzh\">1. Preguntas relacionadas con las cuentas<\/h2>\n<div class=\"ace-line ace-line old-record-id-QPGKfZwkxduHgVcCFbdcPs3Lnab\"><strong>P: \u00bfQu\u00e9 edad debo tener para crear una cuenta?<\/strong><\/div>\n<div class=\"ace-line ace-line old-record-id-GpvWf2Y6CdAe41cVKcacEMtFnoh\">R: Debes tener al menos 13 a\u00f1os para crear una cuenta en nuestra plataforma, de acuerdo con nuestras Condiciones de servicio.<\/div>\n<div class=\"ace-line ace-line old-record-id-UjUdfOAEMd2tc1cR2AvcgSq7nHf\"><strong>P: \u00bfQu\u00e9 debo hacer si olvido la contrase\u00f1a de mi cuenta?<\/strong><\/div>\n<div class=\"ace-line ace-line old-record-id-Dn6mfSR7ad0rG4cLxSucnDPlnnb\">R: Puede hacer clic en el enlace \u201cHe olvidado mi contrase\u00f1a\u201d de la p\u00e1gina de inicio de sesi\u00f3n, introducir su direcci\u00f3n de correo electr\u00f3nico registrada y le enviaremos un enlace para restablecer la contrase\u00f1a. Si no recibe el enlace, p\u00f3ngase en contacto con nosotros en support@mxcheer.com.<\/div>\n<div class=\"ace-line ace-line old-record-id-JnygfDdEldwf5dcxzZdcqEK3nbd\"><strong>P: \u00bfPuedo cambiar mi nombre de usuario o mi direcci\u00f3n de correo electr\u00f3nico registrada?<\/strong><\/div>\n<div class=\"ace-line ace-line old-record-id-XvsifE1N3dYiWZcw8AXcwLdWnDe\">R: Puedes modificar tu nombre de usuario en la configuraci\u00f3n de tu cuenta. Para cambiar su direcci\u00f3n de correo electr\u00f3nico registrada, p\u00f3ngase en contacto con nuestro servicio de atenci\u00f3n al cliente en support@mxcheer.com con la informaci\u00f3n de su cuenta para su verificaci\u00f3n.<\/div>\n<div>\u00a0<\/div>\n<h2 class=\"heading-2 ace-line old-record-id-O7BofW8tNdD2D8cI7wbcNhF6nIS\">2. Preguntas relacionadas con los regalos virtuales<\/h2>\n<div class=\"ace-line ace-line old-record-id-FYP8fxOvcdDYJHcy5ZrcrtHanug\"><strong>P: \u00bfPuedo obtener el reembolso de los regalos virtuales que he comprado?<\/strong><\/div>\n<div class=\"ace-line ace-line old-record-id-Ech5fS2YKdgEjAcOH9tc6beonFd\">R: Todas las compras de regalos virtuales son definitivas y no reembolsables, excepto en casos de fraude probado, error t\u00e9cnico o si la cuenta del creador del contenido se bloquea permanentemente antes de recibir el regalo.<\/div>\n<div class=\"ace-line ace-line old-record-id-IDuTf0giCdlFiucSYpdcYHjCnpd\"><strong>P: \u00bfVer\u00e1 el creador del contenido mis datos personales cuando env\u00ede un regalo virtual?<\/strong><\/div>\n<div class=\"ace-line ace-line old-record-id-AkHEfVbYfdW8GjcDEOXctNF2nKd\">R: No. El creador del contenido s\u00f3lo ver\u00e1 tu nombre de usuario para agradecer tu apoyo. Tu informaci\u00f3n de contacto personal (como la direcci\u00f3n de correo electr\u00f3nico) no se compartir\u00e1 con ellos.<\/div>\n<div class=\"ace-line ace-line old-record-id-Hlrvfx01EdELPgcNR1lcMUOrnhe\"><strong>P: \u00bfPuedo anular un pedido de regalos virtuales despu\u00e9s de enviarlo?<\/strong><\/div>\n<div class=\"ace-line ace-line old-record-id-EGsgfRm2AdElPwcgCD6cjAZqnHg\">R: No. Los pedidos de regalos virtuales se procesan al instante una vez enviados y no pueden cancelarse.<\/div>\n<div>\u00a0<\/div>\n<h2 class=\"heading-2 ace-line old-record-id-XarcfFAMpd1JLWczXM8cqOqknfb\">3. Preguntas relacionadas con la mercanc\u00eda f\u00edsica<\/h2>\n<div class=\"ace-line ace-line old-record-id-UcCGfkX98dMrwscBYfCc0lXenqd\"><strong>P: \u00bfCu\u00e1nto tarda en entregarse la mercanc\u00eda f\u00edsica?<\/strong><\/div>\n<div class=\"ace-line ace-line old-record-id-H4x6f89ASdc68ec43j1cmm7enJh\">R: El plazo de entrega var\u00eda seg\u00fan la regi\u00f3n. Procesaremos su pedido en un plazo de 1 a 3 d\u00edas laborables tras la compra, y recibir\u00e1 una notificaci\u00f3n de env\u00edo con informaci\u00f3n de seguimiento una vez enviado el pedido.<\/div>\n<div class=\"ace-line ace-line old-record-id-Gx98fVI6ndvJFKcy4yycanpOnph\"><strong>P: \u00bfPuedo devolver o cambiar mercanc\u00eda f\u00edsica?<\/strong><\/div>\n<div class=\"ace-line ace-line old-record-id-KLwZfHeJldAJNEcWJmjcOjKJnTf\">R: Puede solicitar el reembolso o el cambio de productos f\u00edsicos en un plazo de 14 d\u00edas a partir de la fecha de entrega, siempre que el art\u00edculo no haya sido utilizado, se encuentre en su embalaje original y en las mismas condiciones en las que lo recibi\u00f3. P\u00f3ngase en contacto con nosotros en support@mxcheer.com antes de devolver el art\u00edculo.<\/div>\n<div class=\"ace-line ace-line old-record-id-KNbPfew6ldzbjGcRzQGc4lBWnCc\"><strong>P: \u00bfQui\u00e9n se hace cargo de los gastos de devoluci\u00f3n de la mercanc\u00eda f\u00edsica?<\/strong><\/div>\n<div class=\"ace-line ace-line old-record-id-DChof461BdYk6RcYTMTcyNvxnEd\">R: El cliente es responsable de los gastos de env\u00edo de la devoluci\u00f3n. Solo cuando la devoluci\u00f3n se deba a un art\u00edculo da\u00f1ado, defectuoso o incorrecto, cubriremos los gastos de env\u00edo de la devoluci\u00f3n.<\/div>\n<div>\u00a0<\/div>\n<h2 class=\"heading-2 ace-line old-record-id-AXEtfD1lxdNXaHcJEW5cDBTened\">4. Cuestiones relacionadas con el pago y el reembolso<\/h2>\n<div class=\"ace-line ace-line old-record-id-IxWZfgCIOdPYRgcI4dmcChVGnze\"><strong>P: \u00bfQu\u00e9 m\u00e9todos de pago aceptan?<\/strong><\/div>\n<div class=\"ace-line ace-line old-record-id-LU17fpUqvdrBaec3dUecp9QSnCc\">R: Aceptamos las principales tarjetas de cr\u00e9dito, PayPal y otros m\u00e9todos de pago de terceros admitidos por nuestros procesadores de pagos. No almacenamos los datos completos de la tarjeta de pago en nuestros servidores.<\/div>\n<div class=\"ace-line ace-line old-record-id-W2PNf8hK7doUrTc9N02cSJ9Nnlc\"><strong>P: \u00bfCu\u00e1nto se tarda en tramitar un reembolso?<\/strong><\/div>\n<div class=\"ace-line ace-line old-record-id-Tf1kfRSNudNHkJcDNkrcbDxInWe\">R: Una vez que recibamos e inspeccionemos el art\u00edculo f\u00edsico devuelto, procesaremos su reembolso en un plazo de 3 a 5 d\u00edas laborables a su m\u00e9todo de pago original.<\/div>\n<div class=\"ace-line ace-line old-record-id-XVUHfuMgedR5urcjnXgc9UyKn6e\"><strong>P: \u00bfQu\u00e9 debo hacer si se produce un fallo en el pago?<\/strong><\/div>\n<div class=\"ace-line ace-line old-record-id-BXh9fNTnrdJ3RYcUQ2mcSXI9nRb\">R: Por favor, compruebe si la informaci\u00f3n de su pago es correcta (como la fecha de caducidad de la tarjeta, el c\u00f3digo CVV) o si su m\u00e9todo de pago tiene fondos suficientes. Si el problema persiste, ponte en contacto con nosotros en support@mxcheer.com.<\/div>\n<div>\u00a0<\/div>\n<h2 class=\"heading-2 ace-line old-record-id-SC3mfkA4pdPWRJcyjpTc6NrNnah\">5. Cuestiones relacionadas con la privacidad y la seguridad<\/h2>\n<div class=\"ace-line ace-line old-record-id-P72efS22hdzz1IcjwencTksnn0b\"><strong>P: \u00bfC\u00f3mo protegen mi informaci\u00f3n personal?<\/strong><\/div>\n<div class=\"ace-line ace-line old-record-id-DGZlfOQezdfm3McqP13c1syRnHh\">R: Aplicamos las medidas de seguridad est\u00e1ndar del sector para proteger su informaci\u00f3n personal frente a accesos, usos o divulgaciones no autorizados. Para m\u00e1s informaci\u00f3n, consulte nuestra Pol\u00edtica de privacidad.<\/div>\n<div class=\"ace-line ace-line old-record-id-M1G1fQ5CId7fqIc3j6ZcAiHJnpe\"><strong>P: \u00bfPuedo solicitar la eliminaci\u00f3n de mis datos personales?<\/strong><\/div>\n<div class=\"ace-line ace-line old-record-id-Zrn8f1BVHdKKydcWjRXceBZInnf\">R: S\u00ed. Tiene derecho a solicitar la eliminaci\u00f3n de su informaci\u00f3n personal de acuerdo con las leyes pertinentes (como GDPR y CCPA). P\u00f3ngase en contacto con nosotros en support@mxcheer.com para ejercer este derecho.<\/div>\n<div>\u00a0<\/div>\n<h2 class=\"heading-2 ace-line old-record-id-C55pfgQ3vdSXVfcDzPTcsSE4n5Z\">6. 6. Otras cuestiones<\/h2>\n<div class=\"ace-line ace-line old-record-id-Ncizf41vmdLfCMcA5SdcCxN7nbb\"><strong>P: \u00bfC\u00f3mo puedo ponerme en contacto con el servicio de atenci\u00f3n al cliente?<\/strong><\/div>\n<div class=\"ace-line ace-line old-record-id-LjcYfpEgJdhL8UcM1zKc3bBGnoh\">R: Puede ponerse en contacto con nosotros por correo electr\u00f3nico en support@mxcheer.com para cualquier pregunta o duda. Responderemos a su consulta en un plazo de 1-2 d\u00edas laborables.<\/div>\n<div class=\"ace-line ace-line old-record-id-QyjVfOUwbd6tmRcg7JFc2VmynJc\"><strong>P: \u00bfMe notificar\u00e1n si hay cambios en sus pol\u00edticas (Pol\u00edtica de privacidad, Pol\u00edtica de reembolso, etc.)?<\/strong><\/div>\n<div class=\"ace-line ace-line old-record-id-U80Dfiv1DdoXg1cXm8gcTncBnzh\">R: S\u00ed. Publicaremos los cambios significativos de nuestras pol\u00edticas en nuestro sitio web y actualizaremos la fecha de \u201c\u00daltima actualizaci\u00f3n\u201d. El uso continuado de nuestros servicios despu\u00e9s de la fecha de entrada en vigor implica la aceptaci\u00f3n de las pol\u00edticas revisadas.<\/div>\n<\/div>","protected":false},"excerpt":{"rendered":"","protected":false},"author":1,"featured_media":0,"parent":240,"menu_order":0,"comment_status":"closed","ping_status":"closed","template":"","meta":{"_acf_changed":false,"footnotes":""},"class_list":["post-236","page","type-page","status-publish","hentry"],"acf":[],"_links":{"self":[{"href":"https:\/\/mxcheer.com\/es_es\/wp-json\/wp\/v2\/pages\/236","targetHints":{"allow":["GET"]}}],"collection":[{"href":"https:\/\/mxcheer.com\/es_es\/wp-json\/wp\/v2\/pages"}],"about":[{"href":"https:\/\/mxcheer.com\/es_es\/wp-json\/wp\/v2\/types\/page"}],"author":[{"embeddable":true,"href":"https:\/\/mxcheer.com\/es_es\/wp-json\/wp\/v2\/users\/1"}],"replies":[{"embeddable":true,"href":"https:\/\/mxcheer.com\/es_es\/wp-json\/wp\/v2\/comments?post=236"}],"version-history":[{"count":4,"href":"https:\/\/mxcheer.com\/es_es\/wp-json\/wp\/v2\/pages\/236\/revisions"}],"predecessor-version":[{"id":1320,"href":"https:\/\/mxcheer.com\/es_es\/wp-json\/wp\/v2\/pages\/236\/revisions\/1320"}],"up":[{"embeddable":true,"href":"https:\/\/mxcheer.com\/es_es\/wp-json\/wp\/v2\/pages\/240"}],"wp:attachment":[{"href":"https:\/\/mxcheer.com\/es_es\/wp-json\/wp\/v2\/media?parent=236"}],"curies":[{"name":"wp","href":"https:\/\/api.w.org\/{rel}","templated":true}]}}