{"id":2933,"date":"2026-04-21T05:24:43","date_gmt":"2026-04-21T05:24:43","guid":{"rendered":"https:\/\/mxcheer.com\/?post_type=product&#038;p=2933"},"modified":"2026-04-22T02:12:15","modified_gmt":"2026-04-22T02:12:15","slug":"juego-completo-de-cosmeticos-chanel","status":"publish","type":"product","link":"https:\/\/mxcheer.com\/es_es\/product\/juego-completo-de-cosmeticos-chanel\/","title":{"rendered":"Set completo de cosm\u00e9ticos Chanel"},"content":{"rendered":"<p>La gama completa de cosm\u00e9ticos Chanel establece un nuevo punto de referencia para la belleza de alta gama.<br \/>\nCombinando la est\u00e9tica minimalista con la artesan\u00eda de la belleza, re\u00fane los productos estrella de cuidado de la piel y maquillaje de la marca, cubriendo todos los escenarios de belleza diarios en un solo set. El cuidado de la piel sigue la l\u00f3gica de la reparaci\u00f3n cut\u00e1nea, abordando con precisi\u00f3n problemas como la sequedad, la opacidad y las l\u00edneas finas, otorgando a la piel un cuidado lujoso y nutritivo, y fijando un estado juvenil; el maquillaje se adhiere a la est\u00e9tica minimalista francesa, minimizando los efectos de maquillaje complejos, creando un look exquisito, natural, de alta gama, duradero y bien ajustado, resaltando la belleza natural.<\/p>","protected":false},"excerpt":{"rendered":"<p>The full range of Chanel cosmetics sets a new benchmark for high-end beauty. Combining minimalist aesthetics with the craftsmanship of beauty, it gathers the brand&#8217;s star skincare and makeup products, covering all daily beauty scenarios in one set. Skincare follows the logic of skin repair, precisely addressing issues such as dryness, dullness, and fine lines, [&#8230;]\n","protected":false},"featured_media":2952,"comment_status":"open","ping_status":"closed","template":"","meta":{"_acf_changed":false},"product_brand":[],"product_cat":[136],"product_tag":[],"class_list":{"0":"post-2933","1":"product","2":"type-product","3":"status-publish","4":"has-post-thumbnail","6":"product_cat-feed-your-idol","7":"pa_select-group-climax","8":"pa_select-group-forever-young-club","9":"pa_select-group-gotg","10":"pa_select-group-other-team","11":"pa_select-group-pearl-ship","12":"pa_select-group-polaris","13":"pa_select-group-secret-recipe","14":"pa_select-group-single-person-combo","15":"pa_select-group-the-chosen-one","16":"pa_select-group-unicorn","17":"pa_select-group-166","18":"pa_select-group-168","19":"pa_select-group-141","21":"first","22":"instock","23":"taxable","24":"shipping-taxable","25":"purchasable","26":"product-type-variable"},"acf":[],"_links":{"self":[{"href":"https:\/\/mxcheer.com\/es_es\/wp-json\/wp\/v2\/product\/2933","targetHints":{"allow":["GET"]}}],"collection":[{"href":"https:\/\/mxcheer.com\/es_es\/wp-json\/wp\/v2\/product"}],"about":[{"href":"https:\/\/mxcheer.com\/es_es\/wp-json\/wp\/v2\/types\/product"}],"replies":[{"embeddable":true,"href":"https:\/\/mxcheer.com\/es_es\/wp-json\/wp\/v2\/comments?post=2933"}],"wp:featuredmedia":[{"embeddable":true,"href":"https:\/\/mxcheer.com\/es_es\/wp-json\/wp\/v2\/media\/2952"}],"wp:attachment":[{"href":"https:\/\/mxcheer.com\/es_es\/wp-json\/wp\/v2\/media?parent=2933"}],"wp:term":[{"taxonomy":"product_brand","embeddable":true,"href":"https:\/\/mxcheer.com\/es_es\/wp-json\/wp\/v2\/product_brand?post=2933"},{"taxonomy":"product_cat","embeddable":true,"href":"https:\/\/mxcheer.com\/es_es\/wp-json\/wp\/v2\/product_cat?post=2933"},{"taxonomy":"product_tag","embeddable":true,"href":"https:\/\/mxcheer.com\/es_es\/wp-json\/wp\/v2\/product_tag?post=2933"}],"curies":[{"name":"wp","href":"https:\/\/api.w.org\/{rel}","templated":true}]}}