{"id":236,"date":"2013-08-11T20:13:42","date_gmt":"2013-08-11T20:13:42","guid":{"rendered":"http:\/\/localhost:8888\/test\/?page_id=545"},"modified":"2026-02-04T19:32:53","modified_gmt":"2026-02-04T19:32:53","slug":"faq","status":"publish","type":"page","link":"https:\/\/mxcheer.com\/pt\/sobre\/faq\/","title":{"rendered":"FAQ"},"content":{"rendered":"<div data-page-id=\"Ja9MfOwhvdwWhecfp5DcTEWKnud\" data-lark-html-role=\"root\" data-docx-has-block-data=\"false\">\n<h1 class=\"heading-1 ace-line old-record-id-MfB5fB67edZGAqcyAj7cT9jwnpg\">FAQ<\/h1>\n<h2 class=\"heading-2 ace-line old-record-id-VMQRfextSdQH9acmMRBcWrERnzh\">1. Perguntas relacionadas com a conta<\/h2>\n<div class=\"ace-line ace-line old-record-id-QPGKfZwkxduHgVcCFbdcPs3Lnab\"><strong>P: Que idade tenho de ter para criar uma conta?<\/strong><\/div>\n<div class=\"ace-line ace-line old-record-id-GpvWf2Y6CdAe41cVKcacEMtFnoh\">R: Deve ter pelo menos 13 anos de idade para criar uma conta na nossa plataforma, em conformidade com as nossas Condi\u00e7\u00f5es de Servi\u00e7o.<\/div>\n<div class=\"ace-line ace-line old-record-id-UjUdfOAEMd2tc1cR2AvcgSq7nHf\"><strong>P: O que devo fazer se me esquecer da palavra-passe da minha conta?<\/strong><\/div>\n<div class=\"ace-line ace-line old-record-id-Dn6mfSR7ad0rG4cLxSucnDPlnnb\">R: Pode clicar na liga\u00e7\u00e3o \u201cEsqueci-me da palavra-passe\u201d na p\u00e1gina de in\u00edcio de sess\u00e3o, introduzir o seu endere\u00e7o de correio eletr\u00f3nico registado e enviar-lhe-emos uma liga\u00e7\u00e3o de reposi\u00e7\u00e3o da palavra-passe. Se n\u00e3o receber a liga\u00e7\u00e3o, contacte-nos atrav\u00e9s de support@mxcheer.com.<\/div>\n<div class=\"ace-line ace-line old-record-id-JnygfDdEldwf5dcxzZdcqEK3nbd\"><strong>P: Posso alterar o meu nome de utilizador ou endere\u00e7o de correio eletr\u00f3nico registado?<\/strong><\/div>\n<div class=\"ace-line ace-line old-record-id-XvsifE1N3dYiWZcw8AXcwLdWnDe\">R: Pode alterar o seu nome de utilizador nas defini\u00e7\u00f5es da sua conta. Para alterar o seu endere\u00e7o de correio eletr\u00f3nico registado, contacte o nosso servi\u00e7o de apoio ao cliente em support@mxcheer.com com as informa\u00e7\u00f5es da sua conta para verifica\u00e7\u00e3o.<\/div>\n<div>\u00a0<\/div>\n<h2 class=\"heading-2 ace-line old-record-id-O7BofW8tNdD2D8cI7wbcNhF6nIS\">2. Perguntas relacionadas com a oferta virtual<\/h2>\n<div class=\"ace-line ace-line old-record-id-FYP8fxOvcdDYJHcy5ZrcrtHanug\"><strong>P: Posso obter um reembolso dos presentes virtuais que comprei?<\/strong><\/div>\n<div class=\"ace-line ace-line old-record-id-Ech5fS2YKdgEjAcOH9tc6beonFd\">R: Todas as compras de presentes virtuais s\u00e3o definitivas e n\u00e3o reembols\u00e1veis, exceto em casos de fraude comprovada, erro t\u00e9cnico ou se a conta do criador de conte\u00fados for banida permanentemente antes de receber o presente.<\/div>\n<div class=\"ace-line ace-line old-record-id-IDuTf0giCdlFiucSYpdcYHjCnpd\"><strong>P: O criador de conte\u00fados ver\u00e1 as minhas informa\u00e7\u00f5es pessoais quando eu enviar um presente virtual?<\/strong><\/div>\n<div class=\"ace-line ace-line old-record-id-AkHEfVbYfdW8GjcDEOXctNF2nKd\">R: N\u00e3o. O criador de conte\u00fados apenas ver\u00e1 o seu nome de utilizador para reconhecer o seu apoio. As suas informa\u00e7\u00f5es de contacto pessoais (como o endere\u00e7o de correio eletr\u00f3nico) n\u00e3o ser\u00e3o partilhadas com eles.<\/div>\n<div class=\"ace-line ace-line old-record-id-Hlrvfx01EdELPgcNR1lcMUOrnhe\"><strong>P: Posso cancelar uma encomenda de oferta virtual depois de a enviar?<\/strong><\/div>\n<div class=\"ace-line ace-line old-record-id-EGsgfRm2AdElPwcgCD6cjAZqnHg\">R: N\u00e3o. As encomendas de presentes virtuais s\u00e3o processadas instantaneamente depois de enviadas e n\u00e3o podem ser canceladas.<\/div>\n<div>\u00a0<\/div>\n<h2 class=\"heading-2 ace-line old-record-id-XarcfFAMpd1JLWczXM8cqOqknfb\">3. Quest\u00f5es relacionadas com a mercadoria f\u00edsica<\/h2>\n<div class=\"ace-line ace-line old-record-id-UcCGfkX98dMrwscBYfCc0lXenqd\"><strong>P: Quanto tempo demora a entrega da mercadoria f\u00edsica?<\/strong><\/div>\n<div class=\"ace-line ace-line old-record-id-H4x6f89ASdc68ec43j1cmm7enJh\">R: O prazo de entrega varia consoante a regi\u00e3o. Processaremos a sua encomenda no prazo de 1-3 dias \u00fateis ap\u00f3s a compra e receber\u00e1 uma notifica\u00e7\u00e3o de envio com informa\u00e7\u00f5es de rastreio assim que a encomenda for enviada.<\/div>\n<div class=\"ace-line ace-line old-record-id-Gx98fVI6ndvJFKcy4yycanpOnph\"><strong>P: Posso devolver ou trocar mercadoria f\u00edsica?<\/strong><\/div>\n<div class=\"ace-line ace-line old-record-id-KLwZfHeJldAJNEcWJmjcOjKJnTf\">R: Pode solicitar o reembolso ou a troca de produtos f\u00edsicos no prazo de 14 dias ap\u00f3s a entrega, desde que o artigo n\u00e3o tenha sido utilizado, esteja na embalagem original e nas mesmas condi\u00e7\u00f5es em que foi recebido. Antes de devolver o artigo, contacte-nos atrav\u00e9s do endere\u00e7o support@mxcheer.com.<\/div>\n<div class=\"ace-line ace-line old-record-id-KNbPfew6ldzbjGcRzQGc4lBWnCc\"><strong>P: Quem \u00e9 respons\u00e1vel pelo custo do envio de devolu\u00e7\u00f5es de mercadorias f\u00edsicas?<\/strong><\/div>\n<div class=\"ace-line ace-line old-record-id-DChof461BdYk6RcYTMTcyNvxnEd\">R: O cliente \u00e9 respons\u00e1vel pelos custos de envio da devolu\u00e7\u00e3o. Apenas quando a devolu\u00e7\u00e3o se deve a um artigo danificado, defeituoso ou incorreto, cobriremos os custos de envio da devolu\u00e7\u00e3o.<\/div>\n<div>\u00a0<\/div>\n<h2 class=\"heading-2 ace-line old-record-id-AXEtfD1lxdNXaHcJEW5cDBTened\">4. Perguntas relacionadas com pagamentos e reembolsos<\/h2>\n<div class=\"ace-line ace-line old-record-id-IxWZfgCIOdPYRgcI4dmcChVGnze\"><strong>P: Quais s\u00e3o os m\u00e9todos de pagamento aceites?<\/strong><\/div>\n<div class=\"ace-line ace-line old-record-id-LU17fpUqvdrBaec3dUecp9QSnCc\">R: Aceitamos os principais cart\u00f5es de cr\u00e9dito, PayPal e outros m\u00e9todos de pagamento de terceiros suportados pelos nossos processadores de pagamentos. N\u00e3o guardamos os dados completos do cart\u00e3o de pagamento nos nossos servidores.<\/div>\n<div class=\"ace-line ace-line old-record-id-W2PNf8hK7doUrTc9N02cSJ9Nnlc\"><strong>P: Quanto tempo demora a processar um reembolso?<\/strong><\/div>\n<div class=\"ace-line ace-line old-record-id-Tf1kfRSNudNHkJcDNkrcbDxInWe\">R: Assim que recebermos e inspeccionarmos o artigo f\u00edsico devolvido, processaremos o seu reembolso no prazo de 3-5 dias \u00fateis para o seu m\u00e9todo de pagamento original.<\/div>\n<div class=\"ace-line ace-line old-record-id-XVUHfuMgedR5urcjnXgc9UyKn6e\"><strong>P: O que devo fazer se me deparar com uma falha de pagamento?<\/strong><\/div>\n<div class=\"ace-line ace-line old-record-id-BXh9fNTnrdJ3RYcUQ2mcSXI9nRb\">R: Verifique se as suas informa\u00e7\u00f5es de pagamento est\u00e3o corretas (como a data de validade do cart\u00e3o, o c\u00f3digo CVV) ou se o seu m\u00e9todo de pagamento tem fundos suficientes. Se o problema persistir, contacte-nos atrav\u00e9s de support@mxcheer.com.<\/div>\n<div>\u00a0<\/div>\n<h2 class=\"heading-2 ace-line old-record-id-SC3mfkA4pdPWRJcyjpTc6NrNnah\">5. Quest\u00f5es relacionadas com a privacidade e a seguran\u00e7a<\/h2>\n<div class=\"ace-line ace-line old-record-id-P72efS22hdzz1IcjwencTksnn0b\"><strong>P: Como \u00e9 que protegem as minhas informa\u00e7\u00f5es pessoais?<\/strong><\/div>\n<div class=\"ace-line ace-line old-record-id-DGZlfOQezdfm3McqP13c1syRnHh\">R: Implementamos medidas de seguran\u00e7a padr\u00e3o da ind\u00fastria para proteger as suas informa\u00e7\u00f5es pessoais contra acesso, utiliza\u00e7\u00e3o ou divulga\u00e7\u00e3o n\u00e3o autorizados. Para mais pormenores, consulte a nossa Pol\u00edtica de Privacidade.<\/div>\n<div class=\"ace-line ace-line old-record-id-M1G1fQ5CId7fqIc3j6ZcAiHJnpe\"><strong>P: Posso solicitar a elimina\u00e7\u00e3o das minhas informa\u00e7\u00f5es pessoais?<\/strong><\/div>\n<div class=\"ace-line ace-line old-record-id-Zrn8f1BVHdKKydcWjRXceBZInnf\">R: Sim. Tem o direito de solicitar a elimina\u00e7\u00e3o das suas informa\u00e7\u00f5es pessoais em conformidade com a legisla\u00e7\u00e3o aplic\u00e1vel (como o RGPD e a CCPA). Contacte-nos atrav\u00e9s de support@mxcheer.com para exercer este direito.<\/div>\n<div>\u00a0<\/div>\n<h2 class=\"heading-2 ace-line old-record-id-C55pfgQ3vdSXVfcDzPTcsSE4n5Z\">6. Outras perguntas<\/h2>\n<div class=\"ace-line ace-line old-record-id-Ncizf41vmdLfCMcA5SdcCxN7nbb\"><strong>P: Como posso contactar o apoio ao cliente?<\/strong><\/div>\n<div class=\"ace-line ace-line old-record-id-LjcYfpEgJdhL8UcM1zKc3bBGnoh\">R: Pode contactar-nos por correio eletr\u00f3nico atrav\u00e9s do endere\u00e7o support@mxcheer.com para quaisquer quest\u00f5es ou preocupa\u00e7\u00f5es. Responderemos ao seu pedido no prazo de 1 a 2 dias \u00fateis.<\/div>\n<div class=\"ace-line ace-line old-record-id-QyjVfOUwbd6tmRcg7JFc2VmynJc\"><strong>P: Notificar-me-\u00e3o se houver altera\u00e7\u00f5es \u00e0s vossas pol\u00edticas (Pol\u00edtica de Privacidade, Pol\u00edtica de Reembolso, etc.)?<\/strong><\/div>\n<div class=\"ace-line ace-line old-record-id-U80Dfiv1DdoXg1cXm8gcTncBnzh\">R: Sim. Publicaremos altera\u00e7\u00f5es significativas \u00e0s nossas pol\u00edticas no nosso Web site e actualizaremos a data da \u201c\u00daltima atualiza\u00e7\u00e3o\u201d. A utiliza\u00e7\u00e3o continuada dos nossos servi\u00e7os ap\u00f3s a data efectiva constitui a aceita\u00e7\u00e3o das pol\u00edticas revistas.<\/div>\n<\/div>","protected":false},"excerpt":{"rendered":"","protected":false},"author":1,"featured_media":0,"parent":240,"menu_order":0,"comment_status":"closed","ping_status":"closed","template":"","meta":{"_acf_changed":false,"footnotes":""},"class_list":["post-236","page","type-page","status-publish","hentry"],"acf":[],"_links":{"self":[{"href":"https:\/\/mxcheer.com\/pt\/wp-json\/wp\/v2\/pages\/236","targetHints":{"allow":["GET"]}}],"collection":[{"href":"https:\/\/mxcheer.com\/pt\/wp-json\/wp\/v2\/pages"}],"about":[{"href":"https:\/\/mxcheer.com\/pt\/wp-json\/wp\/v2\/types\/page"}],"author":[{"embeddable":true,"href":"https:\/\/mxcheer.com\/pt\/wp-json\/wp\/v2\/users\/1"}],"replies":[{"embeddable":true,"href":"https:\/\/mxcheer.com\/pt\/wp-json\/wp\/v2\/comments?post=236"}],"version-history":[{"count":4,"href":"https:\/\/mxcheer.com\/pt\/wp-json\/wp\/v2\/pages\/236\/revisions"}],"predecessor-version":[{"id":1320,"href":"https:\/\/mxcheer.com\/pt\/wp-json\/wp\/v2\/pages\/236\/revisions\/1320"}],"up":[{"embeddable":true,"href":"https:\/\/mxcheer.com\/pt\/wp-json\/wp\/v2\/pages\/240"}],"wp:attachment":[{"href":"https:\/\/mxcheer.com\/pt\/wp-json\/wp\/v2\/media?parent=236"}],"curies":[{"name":"wp","href":"https:\/\/api.w.org\/{rel}","templated":true}]}}